{"id":3,"date":"2022-01-06T16:38:12","date_gmt":"2022-01-06T15:38:12","guid":{"rendered":"http:\/\/frigoletliqueur.com\/?page_id=3"},"modified":"2022-02-09T22:14:24","modified_gmt":"2022-02-09T21:14:24","slug":"politique-de-confidentialite","status":"publish","type":"page","link":"https:\/\/frigoletliqueur.com\/en\/politique-de-confidentialite\/","title":{"rendered":"Privacy policy"},"content":{"rendered":"\n<p>Politique de confidentialit\u00e9 de Liqueur Frigolet<\/p>\n\n\n\n<p>La pr\u00e9sente Politique de confidentialit\u00e9 d\u00e9crit la fa\u00e7on dont vos informations personnelles sont recueillies, utilis\u00e9es et partag\u00e9es lorsque vous vous rendez sur https:\/\/frigoletliqueur.com\/ (le \u00ab&nbsp;Site&nbsp;\u00bb) ou que vous y effectuez un achat.<\/p>\n\n\n\n<p>INFORMATIONS PERSONNELLES RECUEILLIES<\/p>\n\n\n\n<p>Lorsque vous vous rendez sur le Site, nous recueillons automatiquement certaines informations concernant votre appareil, notamment des informations sur votre navigateur web, votre adresse IP, votre fuseau horaire et certains des cookies qui sont install\u00e9s sur votre appareil. En outre, lorsque vous parcourez le Site, nous recueillons des informations sur les pages web ou produits individuels que vous consultez, les sites web ou les termes de recherche qui vous ont permis d&rsquo;arriver sur le Site, ainsi que des informations sur la mani\u00e8re dont vous interagissez avec le Site. Nous d\u00e9signons ces informations collect\u00e9es automatiquement sous l&rsquo;appellation \u00ab&nbsp;Informations sur l&rsquo;appareil&nbsp;\u00bb.<\/p>\n\n\n\n<p>Lorsque nous utilisons l&rsquo;expression \u00ab&nbsp;Informations personnelles&nbsp;\u00bb dans la pr\u00e9sente Politique de confidentialit\u00e9, nous faisons allusion \u00e0 la fois aux Informations sur l&rsquo;appareil et aux Informations sur la commande.<\/p>\n\n\n\n<p>COMMENT UTILISONS-NOUS VOS INFORMATIONS PERSONNELLES&nbsp;?<\/p>\n\n\n\n<p>En r\u00e8gle g\u00e9n\u00e9rale, nous utilisons les Informations sur la commande que nous recueillons pour traiter toute commande pass\u00e9e par le biais du Site (y compris pour traiter vos informations de paiement, organiser l&rsquo;exp\u00e9dition de votre commande et vous fournir des factures et\/ou des confirmations de commande). En outre, nous utilisons ces Informations sur la commande pour\u00a0:<br>communiquer avec vous\u00a0;<br>\u00e9valuer les fraudes ou risques potentiels\u00a0; et<br>lorsque cela correspond aux pr\u00e9f\u00e9rences que vous nous avez communiqu\u00e9es, vous fournir des informations ou des publicit\u00e9s concernant nos produits ou services.<br>Nous utilisons les Informations sur l&rsquo;appareil (en particulier votre adresse IP) que nous recueillons pour \u00e9valuer les fraudes ou risques potentiels et, de mani\u00e8re plus g\u00e9n\u00e9rale, pour am\u00e9liorer et optimiser notre Site (par exemple, en g\u00e9n\u00e9rant des analyses sur la fa\u00e7on dont nos clients parcourent et interagissent avec le Site, et pour \u00e9valuer la r\u00e9ussite de nos campagnes de publicit\u00e9 et de marketing).<br><\/p>\n\n\n\n<p>PARTAGE DE VOS INFORMATIONS PERSONNELLES<\/p>\n\n\n\n<p>Nous partageons vos Informations personnelles avec des tiers qui nous aident \u00e0 les utiliser aux fins d\u00e9crites pr\u00e9c\u00e9demment. Par exemple, nous utilisons WordPress pour h\u00e9berger notre boutique en ligne. Nous utilisons \u00e9galement Google Analytics pour mieux comprendre comment nos clients utilisent le Site \u2013 pour en savoir plus sur l&rsquo;utilisation de vos Informations personnelles par Google, veuillez consulter la page suivante\u00a0: https:\/\/www.google.com\/intl\/fr\/policies\/privacy\/. Vous pouvez aussi d\u00e9sactiver Google Analytics ici\u00a0: https:\/\/tools.google.com\/dlpage\/gaoptout.<\/p>\n\n\n\n<p>Enfin, il se peut que nous partagions aussi vos Informations personnelles pour respecter les lois et r\u00e8glementations applicables, r\u00e9pondre \u00e0 une assignation, \u00e0 un mandat de perquisition ou \u00e0 toute autre demande l\u00e9gale de renseignements que nous recevons, ou pour prot\u00e9ger nos droits.<br><br>PUBLICIT\u00c9 COMPORTEMENTALE<br>Comme indiqu\u00e9 ci-dessus, nous utilisons vos Informations personnelles pour vous proposer des publicit\u00e9s cibl\u00e9es ou des messages de marketing qui, selon nous, pourraient vous int\u00e9resser. Pour en savoir plus sur le fonctionnement de la publicit\u00e9 cibl\u00e9e, vous pouvez consulter la page d&rsquo;information de la Network Advertising Initiative (NAI) \u00e0 l&rsquo;adresse suivante\u00a0: http:\/\/www.networkadvertising.org\/understanding-online-advertising\/how-does-it-work.<\/p>\n\n\n\n<p>Vous pouvez refuser la publicit\u00e9 cibl\u00e9e ici&nbsp;:<br>[[<br>INCLURE LES LIENS DE D\u00c9SACTIVATION DES SERVICES UTILIS\u00c9S.<br>QUELQUES LIENS COURANTS&nbsp;:<br>FACEBOOK \u2013 https:\/\/www.facebook.com\/settings\/?tab=ads<br>GOOGLE \u2013 https:\/\/www.google.com\/settings\/ads\/anonymous<br>BING \u2013 https:\/\/about.ads.microsoft.com\/fr-fr\/ressources\/politiques\/annonces-personnalisees<br>]]<br>En outre, vous pouvez refuser certains de ces services en vous rendant sur le portail de d\u00e9sactivation de Digital Advertising Alliance \u00e0 l&rsquo;adresse suivante&nbsp;: https:\/\/optout.aboutads.info\/?c=3&amp;lang=fr.<\/p>\n\n\n\n<p>NE PAS SUIVRE<br>Veuillez noter que nous ne modifions pas la collecte de donn\u00e9es de notre Site et nos pratiques d&rsquo;utilisation lorsque nous d\u00e9tectons un signal \u00ab&nbsp;Ne pas suivre&nbsp;\u00bb sur votre navigateur.<\/p>\n\n\n\n<p><\/p>\n\n\n\n<p>VOS DROITS<br>Si vous \u00eates r\u00e9sident(e) europ\u00e9en(ne), vous disposez d&rsquo;un droit d&rsquo;acc\u00e8s aux informations personnelles que nous d\u00e9tenons \u00e0 votre sujet et vous pouvez demander \u00e0 ce qu&rsquo;elles soient corrig\u00e9es, mises \u00e0 jour ou supprim\u00e9es. Si vous souhaitez exercer ce droit, veuillez nous contacter au moyen des coordonn\u00e9es pr\u00e9cis\u00e9es ci-dessous.<br>Par ailleurs, si vous \u00eates r\u00e9sident(e) europ\u00e9en(ne), notez que nous traitons vos informations dans le but de remplir nos obligations contractuelles \u00e0 votre \u00e9gard (par exemple si vous passez une commande sur le Site) ou de poursuivre nos int\u00e9r\u00eats commerciaux l\u00e9gitimes, \u00e9num\u00e9r\u00e9s ci-dessus. Veuillez \u00e9galement noter que vos informations seront transf\u00e9r\u00e9es hors de l&rsquo;Europe, y compris au Canada et aux \u00c9tats-Unis.<\/p>\n\n\n\n<p>R\u00c9TENTION DES DONN\u00c9ES<br>Lorsque vous passez une commande par l&rsquo;interm\u00e9diaire du Site, nous conservons les Informations sur votre commande dans nos dossiers, sauf si et jusqu&rsquo;\u00e0 ce que vous nous demandiez de les supprimer.<\/p>\n\n\n\n<p>[[INS\u00c9RER LE PARAGRAPHE SUIVANT EN CAS D&rsquo;OBLIGATION D&rsquo;\u00c2GE MINIMUM]]<br>MINEURS<br>Le Site n&rsquo;est pas destin\u00e9 aux individus de moins de 18 ans. <\/p>\n\n\n\n<p>CHANGEMENTS<br>Nous pouvons \u00eatre amen\u00e9s \u00e0 modifier la pr\u00e9sente politique de confidentialit\u00e9 de temps \u00e0 autre afin d&rsquo;y refl\u00e9ter, par exemple, les changements apport\u00e9s \u00e0 nos pratiques ou pour d&rsquo;autres motifs op\u00e9rationnels, juridiques ou r\u00e9glementaires.<br>NOUS CONTACTER<br>Pour en savoir plus sur nos pratiques de confidentialit\u00e9, si vous avez des questions ou si vous souhaitez d\u00e9poser une r\u00e9clamation, veuillez nous contacter par e-mail \u00e0 frigoletliqueur@gmail.com, ou par courrier \u00e0 l&rsquo;adresse suivante\u00a0:<\/p>\n\n\n\n<p>26 Rue Roland Inisan , Ch\u00e2teaurenard, 13160, France<\/p>\n","protected":false},"excerpt":{"rendered":"<p>Politique de confidentialit\u00e9 de Liqueur Frigolet La pr\u00e9sente Politique de confidentialit\u00e9 d\u00e9crit la fa\u00e7on dont vos informations personnelles sont recueillies, utilis\u00e9es et partag\u00e9es lorsque vous vous rendez sur https:\/\/frigoletliqueur.com\/ (le \u00ab&nbsp;Site&nbsp;\u00bb) ou que vous y effectuez un achat. INFORMATIONS PERSONNELLES RECUEILLIES Lorsque vous vous rendez sur le Site, nous recueillons automatiquement certaines informations concernant votre &hellip; <\/p>","protected":false},"author":1,"featured_media":0,"parent":0,"menu_order":0,"comment_status":"closed","ping_status":"closed","template":"","meta":{"footnotes":""},"class_list":["post-3","page","type-page","status-publish","hentry","latest_post"],"jetpack_sharing_enabled":true,"_links":{"self":[{"href":"https:\/\/frigoletliqueur.com\/en\/wp-json\/wp\/v2\/pages\/3","targetHints":{"allow":["GET"]}}],"collection":[{"href":"https:\/\/frigoletliqueur.com\/en\/wp-json\/wp\/v2\/pages"}],"about":[{"href":"https:\/\/frigoletliqueur.com\/en\/wp-json\/wp\/v2\/types\/page"}],"author":[{"embeddable":true,"href":"https:\/\/frigoletliqueur.com\/en\/wp-json\/wp\/v2\/users\/1"}],"replies":[{"embeddable":true,"href":"https:\/\/frigoletliqueur.com\/en\/wp-json\/wp\/v2\/comments?post=3"}],"version-history":[{"count":2,"href":"https:\/\/frigoletliqueur.com\/en\/wp-json\/wp\/v2\/pages\/3\/revisions"}],"predecessor-version":[{"id":352,"href":"https:\/\/frigoletliqueur.com\/en\/wp-json\/wp\/v2\/pages\/3\/revisions\/352"}],"wp:attachment":[{"href":"https:\/\/frigoletliqueur.com\/en\/wp-json\/wp\/v2\/media?parent=3"}],"curies":[{"name":"wp","href":"https:\/\/api.w.org\/{rel}","templated":true}]}}