{"id":47,"date":"2022-01-07T00:20:27","date_gmt":"2022-01-06T23:20:27","guid":{"rendered":"https:\/\/frigoletliqueur.com\/?page_id=47"},"modified":"2022-02-09T22:08:51","modified_gmt":"2022-02-09T21:08:51","slug":"la-distillerie","status":"publish","type":"page","link":"https:\/\/frigoletliqueur.com\/en\/la-distillerie\/","title":{"rendered":"La Distillerie Aujourd&rsquo;hui"},"content":{"rendered":"<p>Today, the production of Frigolet still takes place at the original distillery, using the exact same recipe. The mixing tanks and scales are the same as 150 years ago and the sources of raw materials have remained unchanged. Automation is reduced to a bare minimum which allows Frigolet to retain its flavours of yesteryear.<\/p>\n\n\n\n<p>David, son of Fran\u00e7ois and grandson of Rolland Inisan, took over the reins of production. He therefore persues the quasi-alchemical manufacturing of the elixir:<\/p>\n\n\n\n<ul class=\"wp-block-list\"><li>selection, sorting and weighing of the different ingredients, with respect of the ancestral recipe;<\/li><li>traditional still distillation;<\/li><li>preparation and addition of honey syrup;<\/li><li>aging in oak barrels;<\/li><li>bottling of liquor.<\/li><\/ul>\n\n\n\n<figure class=\"wp-block-gallery has-nested-images columns-default is-cropped wp-block-gallery-1 is-layout-flex wp-block-gallery-is-layout-flex\">\n<figure class=\"wp-block-image size-large\"><img fetchpriority=\"high\" decoding=\"async\" width=\"1024\" height=\"684\" data-id=\"139\" src=\"https:\/\/frigoletliqueur.com\/wp-content\/uploads\/2022\/01\/frigolet_curiousprovence-41.jpg\" alt=\"\" class=\"wp-image-139\" srcset=\"https:\/\/frigoletliqueur.com\/wp-content\/uploads\/2022\/01\/frigolet_curiousprovence-41.jpg 1024w, https:\/\/frigoletliqueur.com\/wp-content\/uploads\/2022\/01\/frigolet_curiousprovence-41-300x200.jpg 300w, https:\/\/frigoletliqueur.com\/wp-content\/uploads\/2022\/01\/frigolet_curiousprovence-41-768x513.jpg 768w, https:\/\/frigoletliqueur.com\/wp-content\/uploads\/2022\/01\/frigolet_curiousprovence-41-600x401.jpg 600w\" sizes=\"(max-width: 1024px) 100vw, 1024px\" \/><\/figure>\n\n\n\n<figure class=\"wp-block-image size-large\"><img decoding=\"async\" width=\"1024\" height=\"684\" data-id=\"140\" src=\"https:\/\/frigoletliqueur.com\/wp-content\/uploads\/2022\/01\/frigolet_curiousprovence-20-1.jpg\" alt=\"\" class=\"wp-image-140\" srcset=\"https:\/\/frigoletliqueur.com\/wp-content\/uploads\/2022\/01\/frigolet_curiousprovence-20-1.jpg 1024w, https:\/\/frigoletliqueur.com\/wp-content\/uploads\/2022\/01\/frigolet_curiousprovence-20-1-300x200.jpg 300w, https:\/\/frigoletliqueur.com\/wp-content\/uploads\/2022\/01\/frigolet_curiousprovence-20-1-768x513.jpg 768w, https:\/\/frigoletliqueur.com\/wp-content\/uploads\/2022\/01\/frigolet_curiousprovence-20-1-600x401.jpg 600w\" sizes=\"(max-width: 1024px) 100vw, 1024px\" \/><\/figure>\n<\/figure>\n\n\n\n<p>An extremely demanding activity, far removed from industrial production, but whose obligation of result is equivalent.<\/p>\n\n\n\n<p>David not only contributes to the preservation of the traditional profession of distiller-liquorist (the distiller has only had four), but also to that of the liqueur.<\/p>\n\n\n\n<p>Today, the distillery can pride itself on being a certified Living Heritage Company (EPV), a label that recognises the excellence of its savoir faire.<\/p>\n\n\n\n<p>David also undertook the use of the elixir in different versions, exploring his passion for pastry. The distillery therefore offers a variety of products highlighting the enigmatic nectar:<\/p>\n\n\n\n<ul class=\"wp-block-list\"><li>the chardons of Frigolet are a chocolate speciality prepared with the liqueur and high quality chocolate<\/li><li>the baba cakes with Frigolet, delicious cakes subtly infused with the liqueur<\/li><li>the vacherin of Frigolet which consists of an ice cream with the liqueur, wrapped with meringue and whipped cream.<\/li><\/ul>\n\n\n<div data-align-buttons=\"true\" data-block-name=\"woocommerce\/handpicked-products\" data-content-visibility=\"{&quot;title&quot;:true,&quot;price&quot;:true,&quot;rating&quot;:false,&quot;button&quot;:true}\" data-edit-mode=\"false\" data-products=\"[102,65,33]\" class=\"wc-block-grid wp-block-handpicked-products wp-block-woocommerce-handpicked-products wc-block-handpicked-products has-3-columns has-multiple-rows has-aligned-buttons\"><ul class=\"wc-block-grid__products\"><li class=\"wc-block-grid__product\">\n\t\t\t\t<a href=\"https:\/\/frigoletliqueur.com\/en\/product\/chocolats-liqueur-frigolet\/\" class=\"wc-block-grid__product-link\">\n\t\t\t\t\t\n\t\t\t\t\t<div class=\"wc-block-grid__product-image\"><img decoding=\"async\" width=\"300\" height=\"300\" src=\"https:\/\/frigoletliqueur.com\/wp-content\/uploads\/2022\/01\/IMG_1656-300x300.jpg\" class=\"attachment-woocommerce_thumbnail size-woocommerce_thumbnail\" alt=\"Chardon Proven\u00e7al Frigolet L\u2019Elixir du P\u00e8re Gaucher chocolat noir et blanc 200 gr\" srcset=\"https:\/\/frigoletliqueur.com\/wp-content\/uploads\/2022\/01\/IMG_1656-300x300.jpg 300w, https:\/\/frigoletliqueur.com\/wp-content\/uploads\/2022\/01\/IMG_1656-150x150.jpg 150w, https:\/\/frigoletliqueur.com\/wp-content\/uploads\/2022\/01\/IMG_1656-860x860.jpg 860w, https:\/\/frigoletliqueur.com\/wp-content\/uploads\/2022\/01\/IMG_1656-100x100.jpg 100w\" sizes=\"(max-width: 300px) 100vw, 300px\" \/><\/div>\n\t\t\t\t\t<div class=\"wc-block-grid__product-title\">Chardon Proven\u00e7al Frigolet L\u2019Elixir du P\u00e8re Gaucher chocolat noir et blanc 200 gr<\/div>\n\t\t\t\t<\/a>\n\t\t\t\t<div class=\"wc-block-grid__product-price price\"><span class=\"woocommerce-Price-amount amount\" aria-hidden=\"true\">19,00&nbsp;<span class=\"woocommerce-Price-currencySymbol\">&euro;<\/span><\/span> <span aria-hidden=\"true\">&ndash;<\/span> <span class=\"woocommerce-Price-amount amount\" aria-hidden=\"true\">48,00&nbsp;<span class=\"woocommerce-Price-currencySymbol\">&euro;<\/span><\/span><span class=\"screen-reader-text\" data-no-translation=\"\" data-trp-gettext=\"\">Price range: 19,00&nbsp;&euro; through 48,00&nbsp;&euro;<\/span><\/div>\n\t\t\t\t\n\t\t\t\t<div class=\"wp-block-button wc-block-grid__product-add-to-cart\"><a href=\"https:\/\/frigoletliqueur.com\/en\/product\/chocolats-liqueur-frigolet\/\" aria-label=\"Pick your size\" data-quantity=\"1\" data-product_id=\"65\" data-product_sku=\"\" data-price=\"19\" rel=\"nofollow\" class=\"wp-block-button__link  add_to_cart_button\" data-no-translation=\"\" data-trp-gettext=\"\" data-no-translation-aria-label=\"\">Select options<\/a><\/div>\n\t\t\t<\/li><li class=\"wc-block-grid__product\">\n\t\t\t\t<a href=\"https:\/\/frigoletliqueur.com\/en\/product\/frigolet\/\" class=\"wc-block-grid__product-link\">\n\t\t\t\t\t\n\t\t\t\t\t<div class=\"wc-block-grid__product-image\"><img loading=\"lazy\" decoding=\"async\" width=\"300\" height=\"300\" src=\"https:\/\/frigoletliqueur.com\/wp-content\/uploads\/2022\/01\/FRIGOLET-700-ML-SEPT-2023-300x300.jpg\" class=\"attachment-woocommerce_thumbnail size-woocommerce_thumbnail\" alt=\"Frigolet Elixir du P\u00e8re Gaucher jaune 43%\" srcset=\"https:\/\/frigoletliqueur.com\/wp-content\/uploads\/2022\/01\/FRIGOLET-700-ML-SEPT-2023-300x300.jpg 300w, https:\/\/frigoletliqueur.com\/wp-content\/uploads\/2022\/01\/FRIGOLET-700-ML-SEPT-2023-150x150.jpg 150w, https:\/\/frigoletliqueur.com\/wp-content\/uploads\/2022\/01\/FRIGOLET-700-ML-SEPT-2023-860x860.jpg 860w, https:\/\/frigoletliqueur.com\/wp-content\/uploads\/2022\/01\/FRIGOLET-700-ML-SEPT-2023-100x100.jpg 100w\" sizes=\"(max-width: 300px) 100vw, 300px\" \/><\/div>\n\t\t\t\t\t<div class=\"wc-block-grid__product-title\">Frigolet Elixir du P\u00e8re Gaucher jaune 43%<\/div>\n\t\t\t\t<\/a>\n\t\t\t\t<div class=\"wc-block-grid__product-price price\"><span class=\"woocommerce-Price-amount amount\" aria-hidden=\"true\">5,00&nbsp;<span class=\"woocommerce-Price-currencySymbol\">&euro;<\/span><\/span> <span aria-hidden=\"true\">&ndash;<\/span> <span class=\"woocommerce-Price-amount amount\" aria-hidden=\"true\">32,00&nbsp;<span class=\"woocommerce-Price-currencySymbol\">&euro;<\/span><\/span><span class=\"screen-reader-text\" data-no-translation=\"\" data-trp-gettext=\"\">Price range: 5,00&nbsp;&euro; through 32,00&nbsp;&euro;<\/span><\/div>\n\t\t\t\t\n\t\t\t\t<div class=\"wp-block-button wc-block-grid__product-add-to-cart\"><a href=\"https:\/\/frigoletliqueur.com\/en\/product\/frigolet\/\" aria-label=\"Pick your size\" data-quantity=\"1\" data-product_id=\"33\" data-product_sku=\"\" data-price=\"5\" rel=\"nofollow\" class=\"wp-block-button__link  add_to_cart_button\" data-no-translation=\"\" data-trp-gettext=\"\" data-no-translation-aria-label=\"\">Select options<\/a><\/div>\n\t\t\t<\/li><\/ul><\/div>\n\n\n<div class=\"wp-block-cover alignfull is-light wp-duotone-000000-7f7f7f-2\"><span aria-hidden=\"true\" class=\"has-white-background-color has-background-dim-100 wp-block-cover__gradient-background has-background-dim\"><\/span><div class=\"wp-block-cover__inner-container is-layout-flow wp-block-cover-is-layout-flow\">\n<div class=\"wp-block-media-text alignwide is-stacked-on-mobile is-vertically-aligned-center is-image-fill\" style=\"grid-template-columns:56% auto\"><figure class=\"wp-block-media-text__media\" style=\"background-image:url(https:\/\/frigoletliqueur.com\/wp-content\/uploads\/2022\/01\/frigolet_curiousprovence-53.jpg);background-position:50% 50%\"><img loading=\"lazy\" decoding=\"async\" width=\"1024\" height=\"684\" src=\"https:\/\/frigoletliqueur.com\/wp-content\/uploads\/2022\/01\/frigolet_curiousprovence-53.jpg\" alt=\"\" class=\"wp-image-219 size-full\" srcset=\"https:\/\/frigoletliqueur.com\/wp-content\/uploads\/2022\/01\/frigolet_curiousprovence-53.jpg 1024w, https:\/\/frigoletliqueur.com\/wp-content\/uploads\/2022\/01\/frigolet_curiousprovence-53-300x200.jpg 300w, https:\/\/frigoletliqueur.com\/wp-content\/uploads\/2022\/01\/frigolet_curiousprovence-53-768x513.jpg 768w, https:\/\/frigoletliqueur.com\/wp-content\/uploads\/2022\/01\/frigolet_curiousprovence-53-600x401.jpg 600w\" sizes=\"(max-width: 1024px) 100vw, 1024px\" \/><\/figure><div class=\"wp-block-media-text__content\">\n<h2 class=\"has-text-color wp-block-heading\" id=\"venez-nous-rendre-visite\" style=\"color:#000000;font-size:32px\"><strong>Come and visit us!<\/strong><\/h2>\n\n\n\n<p class=\"has-text-color\" style=\"color:#000000;font-size:17px\"><meta charset=\"utf-8\">The distillery has opened it's doors for those who are curious. Don't forget to reserve!<\/p>\n\n\n\n<div class=\"wp-block-buttons is-layout-flex wp-block-buttons-is-layout-flex\">\n<div class=\"wp-block-button has-custom-font-size is-style-fill has-small-font-size\"><a class=\"wp-block-button__link\" href=\"https:\/\/frigoletliqueur.com\/index.php\/formulaire-de-reservation\/\" target=\"_blank\" rel=\"noreferrer noopener\">I reserve my visit<\/a><\/div>\n<\/div>\n<\/div><\/div>\n<\/div><\/div>\n\n\n\n<p><\/p>","protected":false},"excerpt":{"rendered":"<p>De nos jours, la fabrication du Frigolet a toujours lieu \u00e0 la distillerie originelle, selon la m\u00eame recette. Les cuves de m\u00e9lange et les balances sont les m\u00eames qu\u2019il y a 150 ans, les sources d\u2019approvisionnement en mati\u00e8res premi\u00e8res sont identiques et l\u2019automatisation est r\u00e9duite \u00e0 son strict minimum, si bien que le Frigolet a &hellip; <\/p>","protected":false},"author":1,"featured_media":219,"parent":0,"menu_order":0,"comment_status":"closed","ping_status":"closed","template":"","meta":{"footnotes":""},"class_list":["post-47","page","type-page","status-publish","has-post-thumbnail","hentry","latest_post"],"jetpack_sharing_enabled":true,"_links":{"self":[{"href":"https:\/\/frigoletliqueur.com\/en\/wp-json\/wp\/v2\/pages\/47","targetHints":{"allow":["GET"]}}],"collection":[{"href":"https:\/\/frigoletliqueur.com\/en\/wp-json\/wp\/v2\/pages"}],"about":[{"href":"https:\/\/frigoletliqueur.com\/en\/wp-json\/wp\/v2\/types\/page"}],"author":[{"embeddable":true,"href":"https:\/\/frigoletliqueur.com\/en\/wp-json\/wp\/v2\/users\/1"}],"replies":[{"embeddable":true,"href":"https:\/\/frigoletliqueur.com\/en\/wp-json\/wp\/v2\/comments?post=47"}],"version-history":[{"count":14,"href":"https:\/\/frigoletliqueur.com\/en\/wp-json\/wp\/v2\/pages\/47\/revisions"}],"predecessor-version":[{"id":349,"href":"https:\/\/frigoletliqueur.com\/en\/wp-json\/wp\/v2\/pages\/47\/revisions\/349"}],"wp:featuredmedia":[{"embeddable":true,"href":"https:\/\/frigoletliqueur.com\/en\/wp-json\/wp\/v2\/media\/219"}],"wp:attachment":[{"href":"https:\/\/frigoletliqueur.com\/en\/wp-json\/wp\/v2\/media?parent=47"}],"curies":[{"name":"wp","href":"https:\/\/api.w.org\/{rel}","templated":true}]}}