{"id":50,"date":"2022-01-07T00:23:26","date_gmt":"2022-01-06T23:23:26","guid":{"rendered":"https:\/\/frigoletliqueur.com\/?page_id=50"},"modified":"2022-02-09T23:40:31","modified_gmt":"2022-02-09T22:40:31","slug":"le-liqueur","status":"publish","type":"page","link":"https:\/\/frigoletliqueur.com\/en\/le-liqueur\/","title":{"rendered":"L&rsquo;Elixir"},"content":{"rendered":"<div class=\"wp-block-media-text alignwide is-stacked-on-mobile\"><figure class=\"wp-block-media-text__media\"><a href=\"https:\/\/frigoletliqueur.com\/index.php\/product\/frigolet\/\"><img fetchpriority=\"high\" decoding=\"async\" width=\"736\" height=\"1024\" src=\"https:\/\/frigoletliqueur.com\/wp-content\/uploads\/2022\/01\/BouteilleGarrigue_curiousprovence_-3-2-736x1024.jpg\" alt=\"\" class=\"wp-image-123 size-full\" srcset=\"https:\/\/frigoletliqueur.com\/wp-content\/uploads\/2022\/01\/BouteilleGarrigue_curiousprovence_-3-2-736x1024.jpg 736w, https:\/\/frigoletliqueur.com\/wp-content\/uploads\/2022\/01\/BouteilleGarrigue_curiousprovence_-3-2-216x300.jpg 216w, https:\/\/frigoletliqueur.com\/wp-content\/uploads\/2022\/01\/BouteilleGarrigue_curiousprovence_-3-2-768x1068.jpg 768w, https:\/\/frigoletliqueur.com\/wp-content\/uploads\/2022\/01\/BouteilleGarrigue_curiousprovence_-3-2-600x834.jpg 600w, https:\/\/frigoletliqueur.com\/wp-content\/uploads\/2022\/01\/BouteilleGarrigue_curiousprovence_-3-2.jpg 1024w\" sizes=\"(max-width: 736px) 100vw, 736px\" \/><\/a><\/figure><div class=\"wp-block-media-text__content\">\n<blockquote class=\"wp-block-quote is-layout-flow wp-block-quote-is-layout-flow\"><p><\/p><p>\u00ab&nbsp;<em>And drop by drop, with the meticulous care of a lapidary counting pearls, the parish priest of Graveson poured a hint of green, golden, hot, sparkling, exquisite liqueur ... Is it Father Gaucher's elixir, the joy and health of our Provence. Isn't it worth all the chartreuses in the world?<\/em>&nbsp;\u00bb<\/p><cite><meta charset=\"utf-8\">Alphonse Daudet<\/cite><\/blockquote>\n<\/div><\/div>\n\n\n\n<p>It is with these words, in his famous lettres 'Lettres de mon Moulin', that Alphonse Daudet describes the Frigolet liqueur in 1866. And define it he does, as his words perfectly embody Provence.<\/p>\n\n\n\n<p>Frigolet's name is inspired from his Proven\u00e7al name, <em>ferigoulo<\/em>, which means thyme. It is therefore natural to assume that this typically aromatic herb from the South, is present in the composition of the liqueur. Some 30 other plants and spices, rigorously selected and skilfully dosed, complete the recipe. But the details have been kept secret for almost two centuries. Long enough to evoke a mystery around the intriguing elixir.<\/p>\n\n\n\n<h2 class=\"wp-block-heading\" id=\"les-plantes\"><strong>The plants<\/strong><\/h2>\n\n\n\n<p>Ch\u00e2teaurenard is nestled between two mountain ranges. To the east, the Montagnette, a limestone massif with typically Proven\u00e7al vegetation, on which we can find the Saint-Michel-de-Frigolet abbey.  This small hill, a natural border between the Rh\u00f4ne and the Durance, is covered with southern flora made up of thyme, sage and rosemary. To the south, the Alpilles massif, home to more than 550 plant varieties: abundant thyme and rosemary, aspic lavender, fennel and scorpion genets, all sheltered by kermes oaks and Aleppo pines.&nbsp;<\/p>\n\n\n\n<p class=\"has-black-color has-text-color\">The plants frowing in the middle of this Proven\u00e7al hill are particularly aromatic: the shortage of water and the remanent drought specific to the region encourage the flora to produce large quantities of essential oils. The aromatic quality of Provence plants is therefore incomparable. It is no wonder that the monks from Frigolet exploited these two natural reservoirs of plants to develop their elixirs.<strong> <\/strong>d\u2019\u00e9tonnant alors \u00e0 ce que les moines aient exploit\u00e9 ces deux r\u00e9servoirs naturels de plantes pour \u00e9laborer leurs \u00e9lixirs. &nbsp;&nbsp;&nbsp;<\/p>\n\n\n\n<p>Toutefois, pour garantir une qualit\u00e9 irr\u00e9prochable et homog\u00e8ne \u00e0 la liqueur, les distillateurs successifs de l&rsquo;Elixir ont d\u00e9cid\u00e9 de s\u2019approvisionner aupr\u00e8s de sp\u00e9cialistes&nbsp;: tout d\u2019abord le march\u00e9 aux herbes de Ch\u00e2teaurenard, puis le Laboratoire d\u2019Herboristerie G\u00e9n\u00e9rale de Marseille (LHG). L\u2019\u00e9tablissement propose depuis l&rsquo;origine des mati\u00e8res premi\u00e8res d\u2019exception, \u00e9valuant au cas par cas les besoins de chaque client. Tout naturellement, la distillerie Frigolet s\u2019est tourn\u00e9e vers le LHG pour se procurer les plantes n\u00e9cessaires \u00e0 la fabrication de sa liqueur.<\/p>\n\n\n\n<figure class=\"wp-block-gallery alignwide has-nested-images columns-default is-cropped wp-block-gallery-1 is-layout-flex wp-block-gallery-is-layout-flex\">\n<figure class=\"wp-block-image size-large\"><img decoding=\"async\" width=\"684\" height=\"1024\" data-id=\"112\" src=\"https:\/\/frigoletliqueur.com\/wp-content\/uploads\/2022\/01\/frigolet_curiousprovence-38-684x1024.jpg\" alt=\"\" class=\"wp-image-112\" srcset=\"https:\/\/frigoletliqueur.com\/wp-content\/uploads\/2022\/01\/frigolet_curiousprovence-38-684x1024.jpg 684w, https:\/\/frigoletliqueur.com\/wp-content\/uploads\/2022\/01\/frigolet_curiousprovence-38-200x300.jpg 200w, https:\/\/frigoletliqueur.com\/wp-content\/uploads\/2022\/01\/frigolet_curiousprovence-38-768x1151.jpg 768w, https:\/\/frigoletliqueur.com\/wp-content\/uploads\/2022\/01\/frigolet_curiousprovence-38-600x899.jpg 600w, https:\/\/frigoletliqueur.com\/wp-content\/uploads\/2022\/01\/frigolet_curiousprovence-38.jpg 1024w\" sizes=\"(max-width: 684px) 100vw, 684px\" \/><\/figure>\n\n\n\n<figure class=\"wp-block-image size-large\"><img decoding=\"async\" width=\"645\" height=\"1024\" data-id=\"113\" src=\"https:\/\/frigoletliqueur.com\/wp-content\/uploads\/2022\/01\/frigolet_curiousprovence-45-645x1024.jpg\" alt=\"\" class=\"wp-image-113\" srcset=\"https:\/\/frigoletliqueur.com\/wp-content\/uploads\/2022\/01\/frigolet_curiousprovence-45-645x1024.jpg 645w, https:\/\/frigoletliqueur.com\/wp-content\/uploads\/2022\/01\/frigolet_curiousprovence-45-189x300.jpg 189w, https:\/\/frigoletliqueur.com\/wp-content\/uploads\/2022\/01\/frigolet_curiousprovence-45-768x1220.jpg 768w, https:\/\/frigoletliqueur.com\/wp-content\/uploads\/2022\/01\/frigolet_curiousprovence-45-967x1536.jpg 967w, https:\/\/frigoletliqueur.com\/wp-content\/uploads\/2022\/01\/frigolet_curiousprovence-45-600x953.jpg 600w, https:\/\/frigoletliqueur.com\/wp-content\/uploads\/2022\/01\/frigolet_curiousprovence-45.jpg 1024w\" sizes=\"(max-width: 645px) 100vw, 645px\" \/><\/figure>\n<\/figure>\n\n\n\n<h2 class=\"wp-block-heading\" id=\"les-epices\"><strong>The spices<\/strong><\/h2>\n\n\n\n<p>It is said that the Frigolet liquor also includes spices like cinnamon, nutmeg and cloves. Whilst this remains an assumption, we do know that the region of Ch\u00e2teaurenard had, at the time of the creation of the beverage, access to these ressources as the city was situated on a spice road.<\/p>\n\n\n\n<p>As cited by an edict of 1540 promulgated by Fran\u00e7ois the 1st,<sup>er<\/sup>, spices were mainly transported by river and sea. The port of Lacydon in Marseille was therefore one of the first gateways to oriental spices. The ingredients transited to Lyon via the Rh\u00f4ne valley. History could therefore confirm the presence of the oriental spices in the enigmatic beverage.<\/p>\n\n\n\n<h2 class=\"wp-block-heading\" id=\"le-miel\"><strong>The honey<\/strong><\/h2>\n\n\n\n<p>The natural flora of Provence and centuries old arboreal activity have contributed to the development of beekeeping in the region. The monks, like all inhabitants of the county, consumed honey. Nectar with a thousand virtues, it was the essential ingredient of many nuns' potions. So it was quite naturally included in the Frigolet recipe in the form of a delicious syrup. But this recipe too, is a secret. We don't exactly know what type of honey is used. Rumours suggest that it's a well balanced combination of thyme, rosemary, lavender and garrigue honey flowers.<\/p>\n\n\n\n<div class=\"wp-block-group\"><div class=\"wp-block-group__inner-container is-layout-flow wp-block-group-is-layout-flow\">\n<div class=\"wp-block-group alignwide\"><div class=\"wp-block-group__inner-container is-layout-flow wp-block-group-is-layout-flow\">\n<figure class=\"wp-block-gallery has-nested-images columns-default is-cropped wp-block-gallery-2 is-layout-flex wp-block-gallery-is-layout-flex\">\n<figure class=\"wp-block-image size-large\"><img loading=\"lazy\" decoding=\"async\" width=\"1024\" height=\"641\" data-id=\"115\" src=\"https:\/\/frigoletliqueur.com\/wp-content\/uploads\/2022\/01\/frigolet_curiousprovence-48.jpg\" alt=\"\" class=\"wp-image-115\" srcset=\"https:\/\/frigoletliqueur.com\/wp-content\/uploads\/2022\/01\/frigolet_curiousprovence-48.jpg 1024w, https:\/\/frigoletliqueur.com\/wp-content\/uploads\/2022\/01\/frigolet_curiousprovence-48-300x188.jpg 300w, https:\/\/frigoletliqueur.com\/wp-content\/uploads\/2022\/01\/frigolet_curiousprovence-48-768x481.jpg 768w, https:\/\/frigoletliqueur.com\/wp-content\/uploads\/2022\/01\/frigolet_curiousprovence-48-600x376.jpg 600w\" sizes=\"(max-width: 1024px) 100vw, 1024px\" \/><\/figure>\n\n\n\n<figure class=\"wp-block-image size-large\"><img loading=\"lazy\" decoding=\"async\" width=\"1024\" height=\"684\" data-id=\"165\" src=\"https:\/\/frigoletliqueur.com\/wp-content\/uploads\/2022\/01\/frigolet_curiousprovence-50-1.jpg\" alt=\"\" class=\"wp-image-165\" srcset=\"https:\/\/frigoletliqueur.com\/wp-content\/uploads\/2022\/01\/frigolet_curiousprovence-50-1.jpg 1024w, https:\/\/frigoletliqueur.com\/wp-content\/uploads\/2022\/01\/frigolet_curiousprovence-50-1-300x200.jpg 300w, https:\/\/frigoletliqueur.com\/wp-content\/uploads\/2022\/01\/frigolet_curiousprovence-50-1-768x513.jpg 768w, https:\/\/frigoletliqueur.com\/wp-content\/uploads\/2022\/01\/frigolet_curiousprovence-50-1-600x401.jpg 600w\" sizes=\"(max-width: 1024px) 100vw, 1024px\" \/><\/figure>\n<\/figure>\n<\/div><\/div>\n\n\n\n<h2 class=\"wp-block-heading\" id=\"la-bouteille\"><strong>The bottle<\/strong><\/h2>\n\n\n\n<p>&nbsp;\"The bottle isn't important as long as you're drunk\" - said Alfred de Musset. It is clear that the Frigolet, does not exactly see it this way.<\/p>\n\n\n\n<p>Created by Joseph Isoard, the founder of the distillery, the elegant bottle embodies the identity of Frigolet:<\/p>\n\n\n\n<ul class=\"wp-block-list\"><li>the respect for a precious heritage, the distinct shape of the bottle is a tribute to the silhouette of the bell towers of the Abbey of Saint Michel;<\/li><li>the rigour imposed by the creator of the Frigolet, is perfectly represented by the square lines of the bottle, originally shaped in wooden moulds;<\/li><li>the authenticity of the elixir, celebrated by the sleek design of its bottle<\/li><\/ul>\n\n\n\n<p>Each bottle is marked with a cross patt\u00e9e, a tribute to the white monks, but also a symbol of balance in spirit (piety) and matter (the vegetal alchemy) at the origin of the elixir). It is marked with 4 letters: J; M and J a dedication to the Holy Family and N, an allusion to Saint-Nortbert of Xanten, founding farther of the order of regular chanoines of Pr\u00e9montr\u00e9.&nbsp;&nbsp;<\/p>\n<\/div><\/div>\n\n\n\n<div class=\"wp-block-media-text alignwide is-stacked-on-mobile\"><figure class=\"wp-block-media-text__media\"><img loading=\"lazy\" decoding=\"async\" width=\"768\" height=\"1024\" src=\"https:\/\/frigoletliqueur.com\/wp-content\/uploads\/2022\/01\/Small-bottle-768x1024.jpg\" alt=\"\" class=\"wp-image-338 size-full\" srcset=\"https:\/\/frigoletliqueur.com\/wp-content\/uploads\/2022\/01\/Small-bottle-768x1024.jpg 768w, https:\/\/frigoletliqueur.com\/wp-content\/uploads\/2022\/01\/Small-bottle-225x300.jpg 225w, https:\/\/frigoletliqueur.com\/wp-content\/uploads\/2022\/01\/Small-bottle-1152x1536.jpg 1152w, https:\/\/frigoletliqueur.com\/wp-content\/uploads\/2022\/01\/Small-bottle-1536x2048.jpg 1536w, https:\/\/frigoletliqueur.com\/wp-content\/uploads\/2022\/01\/Small-bottle-1320x1760.jpg 1320w, https:\/\/frigoletliqueur.com\/wp-content\/uploads\/2022\/01\/Small-bottle-600x800.jpg 600w, https:\/\/frigoletliqueur.com\/wp-content\/uploads\/2022\/01\/Small-bottle-scaled.jpg 1920w\" sizes=\"(max-width: 768px) 100vw, 768px\" \/><\/figure><div class=\"wp-block-media-text__content\">\n<div class=\"wp-block-buttons is-content-justification-left is-layout-flex wp-container-core-buttons-is-layout-fdcfc74e wp-block-buttons-is-layout-flex\">\n<div class=\"wp-block-button has-custom-width wp-block-button__width-75 is-style-outline is-style-outline--3\"><a class=\"wp-block-button__link\" href=\"https:\/\/frigoletliqueur.com\/index.php\/product\/frigolet\/\" target=\"_blank\" rel=\"noreferrer noopener\">Shop<\/a><\/div>\n<\/div>\n<\/div><\/div>\n\n\n\n<p><\/p>","protected":false},"excerpt":{"rendered":"<p>\u00ab&nbsp;Et, goutte \u00e0 goutte, avec le soin minutieux d\u2019un lapidaire comptant des perles, le cur\u00e9 de Graveson me versa deux doigts d\u2019une liqueur verte, dor\u00e9e, chaude, \u00e9tincelante, exquise\u2026 J\u2019en eus l\u2019estomac tout ensoleill\u00e9.C\u2019est l\u2019\u00e9lixir du P\u00e8re Gaucher, la joie et la sant\u00e9 de notre Provence [\u2026] N\u2019est-ce pas que cela vaut bien toutes les chartreuses &hellip; <\/p>","protected":false},"author":1,"featured_media":17,"parent":0,"menu_order":0,"comment_status":"closed","ping_status":"closed","template":"","meta":{"footnotes":""},"class_list":["post-50","page","type-page","status-publish","has-post-thumbnail","hentry","latest_post"],"jetpack_sharing_enabled":true,"_links":{"self":[{"href":"https:\/\/frigoletliqueur.com\/en\/wp-json\/wp\/v2\/pages\/50","targetHints":{"allow":["GET"]}}],"collection":[{"href":"https:\/\/frigoletliqueur.com\/en\/wp-json\/wp\/v2\/pages"}],"about":[{"href":"https:\/\/frigoletliqueur.com\/en\/wp-json\/wp\/v2\/types\/page"}],"author":[{"embeddable":true,"href":"https:\/\/frigoletliqueur.com\/en\/wp-json\/wp\/v2\/users\/1"}],"replies":[{"embeddable":true,"href":"https:\/\/frigoletliqueur.com\/en\/wp-json\/wp\/v2\/comments?post=50"}],"version-history":[{"count":15,"href":"https:\/\/frigoletliqueur.com\/en\/wp-json\/wp\/v2\/pages\/50\/revisions"}],"predecessor-version":[{"id":366,"href":"https:\/\/frigoletliqueur.com\/en\/wp-json\/wp\/v2\/pages\/50\/revisions\/366"}],"wp:featuredmedia":[{"embeddable":true,"href":"https:\/\/frigoletliqueur.com\/en\/wp-json\/wp\/v2\/media\/17"}],"wp:attachment":[{"href":"https:\/\/frigoletliqueur.com\/en\/wp-json\/wp\/v2\/media?parent=50"}],"curies":[{"name":"wp","href":"https:\/\/api.w.org\/{rel}","templated":true}]}}