{"id":51,"date":"2022-01-07T00:23:26","date_gmt":"2022-01-06T23:23:26","guid":{"rendered":"https:\/\/frigoletliqueur.com\/?page_id=51"},"modified":"2022-02-09T22:03:54","modified_gmt":"2022-02-09T21:03:54","slug":"histoire","status":"publish","type":"page","link":"https:\/\/frigoletliqueur.com\/en\/histoire\/","title":{"rendered":"History"},"content":{"rendered":"<h2 class=\"wp-block-heading\" id=\"l-histoire-de-la-distillerie-et-de-son-savoir-faire\"><strong>The history of the distillery and it's savoir-faire<\/strong><\/h2>\n\n\n\n<p>The history of the distillery, like that of the liqueur, is intimately linked to that of the territory of Ch\u00e2teaurenard in Provence.<\/p>\n\n\n\n<figure class=\"wp-block-gallery alignwide has-nested-images columns-default is-cropped wp-block-gallery-1 is-layout-flex wp-block-gallery-is-layout-flex\">\n<figure class=\"wp-block-image size-large\"><img fetchpriority=\"high\" decoding=\"async\" width=\"1024\" height=\"699\" data-id=\"130\" src=\"https:\/\/frigoletliqueur.com\/wp-content\/uploads\/2022\/01\/frigolet_curiousprovence-8.jpg\" alt=\"\" class=\"wp-image-130\" srcset=\"https:\/\/frigoletliqueur.com\/wp-content\/uploads\/2022\/01\/frigolet_curiousprovence-8.jpg 1024w, https:\/\/frigoletliqueur.com\/wp-content\/uploads\/2022\/01\/frigolet_curiousprovence-8-300x205.jpg 300w, https:\/\/frigoletliqueur.com\/wp-content\/uploads\/2022\/01\/frigolet_curiousprovence-8-768x524.jpg 768w, https:\/\/frigoletliqueur.com\/wp-content\/uploads\/2022\/01\/frigolet_curiousprovence-8-600x410.jpg 600w\" sizes=\"(max-width: 1024px) 100vw, 1024px\" \/><\/figure>\n\n\n\n<figure class=\"wp-block-image size-large\"><img decoding=\"async\" width=\"1024\" height=\"684\" data-id=\"132\" src=\"https:\/\/frigoletliqueur.com\/wp-content\/uploads\/2022\/01\/frigolet_curiousprovence-2.jpg\" alt=\"\" class=\"wp-image-132\" srcset=\"https:\/\/frigoletliqueur.com\/wp-content\/uploads\/2022\/01\/frigolet_curiousprovence-2.jpg 1024w, https:\/\/frigoletliqueur.com\/wp-content\/uploads\/2022\/01\/frigolet_curiousprovence-2-300x200.jpg 300w, https:\/\/frigoletliqueur.com\/wp-content\/uploads\/2022\/01\/frigolet_curiousprovence-2-768x513.jpg 768w, https:\/\/frigoletliqueur.com\/wp-content\/uploads\/2022\/01\/frigolet_curiousprovence-2-600x401.jpg 600w\" sizes=\"(max-width: 1024px) 100vw, 1024px\" \/><\/figure>\n<\/figure>\n\n\n\n<h2 class=\"wp-block-heading\" id=\"les-moines-premontres\"><strong>The Pr\u00e9montr\u00e9s Monks<\/strong><\/h2>\n\n\n\n<p>In 1858, the white fathers of the order of Pr\u00e9montr\u00e9 settled in the abbey of Saint-Michel-de-Frigolet. They regularly made potions and plant elixirs there, from their gatherings in the surrounding hills. The production was neither regular nor standardized, so their recipes had to evolve with the seasons, some falling little by little into oblivion.<\/p>\n\n\n\n<h2 class=\"wp-block-heading\" id=\"l-ere-isoard\"><strong>Isoard era<\/strong><\/h2>\n\n\n\n<p>En 1865, Joseph Isoard, distillateur-liquoriste exp\u00e9riment\u00e9, s\u2019\u00e9tablit \u00e0 Ch\u00e2teaurenard. D\u00e8s 1883, il commen\u00e7a \u00e0 s\u2019int\u00e9resser aux diverses pr\u00e9parations des moines. Les d\u00e9coctions, mac\u00e9rations et potions des eccl\u00e9siastiques attis\u00e8rent sa curiosit\u00e9. Il s&rsquo;en inspira donc pour mettre&nbsp;au point une recette et un proc\u00e9d\u00e9 de fabrication uniques. Il obtint une liqueur exquise, dor\u00e9e comme le soleil proven\u00e7al. Le Frigolet \u00e9tait n\u00e9.<\/p>\n\n\n\n<figure class=\"wp-block-gallery has-nested-images columns-default is-cropped wp-block-gallery-2 is-layout-flex wp-block-gallery-is-layout-flex\">\n<figure class=\"wp-block-image size-large\"><img decoding=\"async\" width=\"684\" height=\"1024\" data-id=\"170\" src=\"https:\/\/frigoletliqueur.com\/wp-content\/uploads\/2022\/01\/frigolet_curiousprovence-28-684x1024.jpg\" alt=\"\" class=\"wp-image-170\" srcset=\"https:\/\/frigoletliqueur.com\/wp-content\/uploads\/2022\/01\/frigolet_curiousprovence-28-684x1024.jpg 684w, https:\/\/frigoletliqueur.com\/wp-content\/uploads\/2022\/01\/frigolet_curiousprovence-28-200x300.jpg 200w, https:\/\/frigoletliqueur.com\/wp-content\/uploads\/2022\/01\/frigolet_curiousprovence-28-768x1151.jpg 768w, https:\/\/frigoletliqueur.com\/wp-content\/uploads\/2022\/01\/frigolet_curiousprovence-28-600x899.jpg 600w, https:\/\/frigoletliqueur.com\/wp-content\/uploads\/2022\/01\/frigolet_curiousprovence-28.jpg 1024w\" sizes=\"(max-width: 684px) 100vw, 684px\" \/><\/figure>\n\n\n\n<figure class=\"wp-block-image size-large\"><img loading=\"lazy\" decoding=\"async\" width=\"721\" height=\"1024\" data-id=\"169\" src=\"https:\/\/frigoletliqueur.com\/wp-content\/uploads\/2022\/01\/E\u0301lixir_du_pe\u0300re_Gaucher-721x1024.jpg\" alt=\"\" class=\"wp-image-169\" srcset=\"https:\/\/frigoletliqueur.com\/wp-content\/uploads\/2022\/01\/E\u0301lixir_du_pe\u0300re_Gaucher-721x1024.jpg 721w, https:\/\/frigoletliqueur.com\/wp-content\/uploads\/2022\/01\/E\u0301lixir_du_pe\u0300re_Gaucher-211x300.jpg 211w, https:\/\/frigoletliqueur.com\/wp-content\/uploads\/2022\/01\/E\u0301lixir_du_pe\u0300re_Gaucher-768x1091.jpg 768w, https:\/\/frigoletliqueur.com\/wp-content\/uploads\/2022\/01\/E\u0301lixir_du_pe\u0300re_Gaucher-600x852.jpg 600w, https:\/\/frigoletliqueur.com\/wp-content\/uploads\/2022\/01\/E\u0301lixir_du_pe\u0300re_Gaucher.jpg 1000w\" sizes=\"(max-width: 721px) 100vw, 721px\" \/><\/figure>\n<\/figure>\n\n\n\n<h2 class=\"wp-block-heading\" id=\"l-ere-inisan\"><strong>The Inisan era<\/strong><\/h2>\n\n\n\n<p>In 1961, the distillery was transferred to the Inisan family. Rolland Inisan recovered the walls, but also the production tool, the patents and the secret recipe for the exquisite elixir. He decided to perpetuate the tradition and continued to produce Frigolet according to the traditional methods: a fine selection of ingredients, the distillation in a wood-heated copper still, an addition of a honey syrup and a long maturation in oak casks, Assembly. &nbsp;<\/p>\n\n\n\n<p>His son Fran\u00e7ois took over in the 1980s and decided to bring his contributions to the business. He first decided to modernize the production tool, opting for a stainless steel still and an oil-fired boiler. He also decided to open the doors of the Ch\u00e2teaurenard distillery by organizing visits and sales there. However, he insisted on conserving the precious heritage: perpetuating artisanal production, prioritising quality over quantity and preserving the mystery surrounding the recipe of the divine liqueur.<\/p>\n\n\n\n<div class=\"wp-block-media-text alignwide is-stacked-on-mobile\"><figure class=\"wp-block-media-text__media\"><img loading=\"lazy\" decoding=\"async\" width=\"768\" height=\"1024\" src=\"https:\/\/frigoletliqueur.com\/wp-content\/uploads\/2022\/01\/middle-bottle-768x1024.jpg\" alt=\"\" class=\"wp-image-337 size-full\" srcset=\"https:\/\/frigoletliqueur.com\/wp-content\/uploads\/2022\/01\/middle-bottle-768x1024.jpg 768w, https:\/\/frigoletliqueur.com\/wp-content\/uploads\/2022\/01\/middle-bottle-225x300.jpg 225w, https:\/\/frigoletliqueur.com\/wp-content\/uploads\/2022\/01\/middle-bottle-1152x1536.jpg 1152w, https:\/\/frigoletliqueur.com\/wp-content\/uploads\/2022\/01\/middle-bottle-1536x2048.jpg 1536w, https:\/\/frigoletliqueur.com\/wp-content\/uploads\/2022\/01\/middle-bottle-1320x1760.jpg 1320w, https:\/\/frigoletliqueur.com\/wp-content\/uploads\/2022\/01\/middle-bottle-600x800.jpg 600w, https:\/\/frigoletliqueur.com\/wp-content\/uploads\/2022\/01\/middle-bottle-scaled.jpg 1920w\" sizes=\"(max-width: 768px) 100vw, 768px\" \/><\/figure><div class=\"wp-block-media-text__content\">\n<div class=\"wp-block-buttons is-layout-flex wp-block-buttons-is-layout-flex\">\n<div class=\"wp-block-button is-style-outline is-style-outline--3\"><a class=\"wp-block-button__link\">Shop<\/a><\/div>\n<\/div>\n<\/div><\/div>","protected":false},"excerpt":{"rendered":"<p>L\u2019histoire de la distillerie et de son savoir-faire L\u2019histoire de la distillerie, tout comme celle de la liqueur, est intimement li\u00e9e \u00e0 celle du territoire de Ch\u00e2teaurenard en Provence. Les Moines Pr\u00e9montr\u00e9s En 1858, des p\u00e8res blancs de l\u2019ordre de Pr\u00e9montr\u00e9 s\u2019install\u00e8rent \u00e0 l\u2019abbaye de Saint-Michel-de-Frigolet. Ils y fabriquaient r\u00e9guli\u00e8rement potions et \u00e9lixirs v\u00e9g\u00e9taux, \u00e0 &hellip; <\/p>","protected":false},"author":1,"featured_media":131,"parent":0,"menu_order":0,"comment_status":"closed","ping_status":"closed","template":"","meta":{"footnotes":""},"class_list":["post-51","page","type-page","status-publish","has-post-thumbnail","hentry","latest_post"],"jetpack_sharing_enabled":true,"_links":{"self":[{"href":"https:\/\/frigoletliqueur.com\/en\/wp-json\/wp\/v2\/pages\/51","targetHints":{"allow":["GET"]}}],"collection":[{"href":"https:\/\/frigoletliqueur.com\/en\/wp-json\/wp\/v2\/pages"}],"about":[{"href":"https:\/\/frigoletliqueur.com\/en\/wp-json\/wp\/v2\/types\/page"}],"author":[{"embeddable":true,"href":"https:\/\/frigoletliqueur.com\/en\/wp-json\/wp\/v2\/users\/1"}],"replies":[{"embeddable":true,"href":"https:\/\/frigoletliqueur.com\/en\/wp-json\/wp\/v2\/comments?post=51"}],"version-history":[{"count":8,"href":"https:\/\/frigoletliqueur.com\/en\/wp-json\/wp\/v2\/pages\/51\/revisions"}],"predecessor-version":[{"id":348,"href":"https:\/\/frigoletliqueur.com\/en\/wp-json\/wp\/v2\/pages\/51\/revisions\/348"}],"wp:featuredmedia":[{"embeddable":true,"href":"https:\/\/frigoletliqueur.com\/en\/wp-json\/wp\/v2\/media\/131"}],"wp:attachment":[{"href":"https:\/\/frigoletliqueur.com\/en\/wp-json\/wp\/v2\/media?parent=51"}],"curies":[{"name":"wp","href":"https:\/\/api.w.org\/{rel}","templated":true}]}}