{"id":1000,"date":"2024-12-14T14:02:51","date_gmt":"2024-12-14T13:02:51","guid":{"rendered":"https:\/\/frigoletliqueur.com\/product\/bouteille-de-champagne-christelle-phlipaux-750-ml\/"},"modified":"2026-01-21T09:22:10","modified_gmt":"2026-01-21T08:22:10","slug":"bouteille-de-champagne-christelle-phlipaux-750-ml","status":"publish","type":"product","link":"https:\/\/frigoletliqueur.com\/en\/product\/bouteille-de-champagne-christelle-phlipaux-750-ml\/","title":{"rendered":"Bouteille de Champagne Christelle Phlipaux 750 ml"},"content":{"rendered":"<p>Champagne s\u00e9lectionn\u00e9 par la DistillerieFrigolet , bouteille de 750 ml .<\/p>\n<p>Petit producteur situ\u00e9 \u00e0 Channes en Champagne<\/p>","protected":false},"excerpt":{"rendered":"<p>Champagne s\u00e9lectionn\u00e9 par la DistillerieFrigolet , bouteille de 750 ml . Petit producteur situ\u00e9 \u00e0 Channes en Champagne<\/p>","protected":false},"featured_media":999,"template":"","meta":[],"product_brand":[],"product_cat":[16],"product_tag":[],"class_list":{"0":"post-1000","1":"product","2":"type-product","3":"status-publish","4":"has-post-thumbnail","6":"product_cat-sni-frigolet","7":"latest_post","9":"first","10":"outofstock","11":"taxable","12":"shipping-taxable","13":"purchasable","14":"product-type-simple"},"jetpack_sharing_enabled":true,"_links":{"self":[{"href":"https:\/\/frigoletliqueur.com\/en\/wp-json\/wp\/v2\/product\/1000","targetHints":{"allow":["GET"]}}],"collection":[{"href":"https:\/\/frigoletliqueur.com\/en\/wp-json\/wp\/v2\/product"}],"about":[{"href":"https:\/\/frigoletliqueur.com\/en\/wp-json\/wp\/v2\/types\/product"}],"wp:featuredmedia":[{"embeddable":true,"href":"https:\/\/frigoletliqueur.com\/en\/wp-json\/wp\/v2\/media\/999"}],"wp:attachment":[{"href":"https:\/\/frigoletliqueur.com\/en\/wp-json\/wp\/v2\/media?parent=1000"}],"wp:term":[{"taxonomy":"product_brand","embeddable":true,"href":"https:\/\/frigoletliqueur.com\/en\/wp-json\/wp\/v2\/product_brand?post=1000"},{"taxonomy":"product_cat","embeddable":true,"href":"https:\/\/frigoletliqueur.com\/en\/wp-json\/wp\/v2\/product_cat?post=1000"},{"taxonomy":"product_tag","embeddable":true,"href":"https:\/\/frigoletliqueur.com\/en\/wp-json\/wp\/v2\/product_tag?post=1000"}],"curies":[{"name":"wp","href":"https:\/\/api.w.org\/{rel}","templated":true}]}}