{"id":2149,"date":"2025-11-29T18:42:38","date_gmt":"2025-11-29T17:42:38","guid":{"rendered":"https:\/\/frigoletliqueur.com\/?post_type=product&#038;p=2149"},"modified":"2025-11-29T18:43:51","modified_gmt":"2025-11-29T17:43:51","slug":"rhum-brun-flor-fina-40-origine","status":"publish","type":"product","link":"https:\/\/frigoletliqueur.com\/en\/product\/rhum-brun-flor-fina-40-origine\/","title":{"rendered":"Rhum brun Flor Fina 40% Origine"},"content":{"rendered":"<p>Rhum Flor Fina origine<\/p>\n<p>une ancienne recette de la distillerie que nous vous proposons pour les 160 ans de la distillerie.<\/p>\n<p>sec peu sucr\u00e9, avec une l\u00e9g\u00e8re amertume.<\/p>\n<p>&nbsp;<\/p>","protected":false},"excerpt":{"rendered":"<p><img fetchpriority=\"high\" decoding=\"async\" class=\"alignnone size-medium wp-image-2056\" src=\"https:\/\/frigoletliqueur.com\/wp-content\/uploads\/2025\/07\/IMG_1073-225x300.jpg\" alt=\"\" width=\"225\" height=\"300\" srcset=\"https:\/\/frigoletliqueur.com\/wp-content\/uploads\/2025\/07\/IMG_1073-225x300.jpg 225w, https:\/\/frigoletliqueur.com\/wp-content\/uploads\/2025\/07\/IMG_1073-9x12.jpg 9w, https:\/\/frigoletliqueur.com\/wp-content\/uploads\/2025\/07\/IMG_1073-450x600.jpg 450w, https:\/\/frigoletliqueur.com\/wp-content\/uploads\/2025\/07\/IMG_1073-rotated.jpg 480w\" sizes=\"(max-width: 225px) 100vw, 225px\" \/><\/p>","protected":false},"featured_media":2056,"template":"","meta":[],"product_brand":[],"product_cat":[16],"product_tag":[],"class_list":{"0":"post-2149","1":"product","2":"type-product","3":"status-publish","4":"has-post-thumbnail","6":"product_cat-sni-frigolet","7":"latest_post","9":"first","10":"instock","11":"taxable","12":"shipping-taxable","13":"purchasable","14":"product-type-simple"},"jetpack_sharing_enabled":true,"_links":{"self":[{"href":"https:\/\/frigoletliqueur.com\/en\/wp-json\/wp\/v2\/product\/2149","targetHints":{"allow":["GET"]}}],"collection":[{"href":"https:\/\/frigoletliqueur.com\/en\/wp-json\/wp\/v2\/product"}],"about":[{"href":"https:\/\/frigoletliqueur.com\/en\/wp-json\/wp\/v2\/types\/product"}],"wp:featuredmedia":[{"embeddable":true,"href":"https:\/\/frigoletliqueur.com\/en\/wp-json\/wp\/v2\/media\/2056"}],"wp:attachment":[{"href":"https:\/\/frigoletliqueur.com\/en\/wp-json\/wp\/v2\/media?parent=2149"}],"wp:term":[{"taxonomy":"product_brand","embeddable":true,"href":"https:\/\/frigoletliqueur.com\/en\/wp-json\/wp\/v2\/product_brand?post=2149"},{"taxonomy":"product_cat","embeddable":true,"href":"https:\/\/frigoletliqueur.com\/en\/wp-json\/wp\/v2\/product_cat?post=2149"},{"taxonomy":"product_tag","embeddable":true,"href":"https:\/\/frigoletliqueur.com\/en\/wp-json\/wp\/v2\/product_tag?post=2149"}],"curies":[{"name":"wp","href":"https:\/\/api.w.org\/{rel}","templated":true}]}}