{"id":65,"date":"2022-01-07T00:26:39","date_gmt":"2022-01-06T23:26:39","guid":{"rendered":"https:\/\/frigoletliqueur.com\/?post_type=product&#038;p=65"},"modified":"2025-04-21T17:27:56","modified_gmt":"2025-04-21T15:27:56","slug":"chocolats-liqueur-frigolet","status":"publish","type":"product","link":"https:\/\/frigoletliqueur.com\/en\/product\/chocolats-liqueur-frigolet\/","title":{"rendered":"Chardon Proven\u00e7al Frigolet L\u2019Elixir du P\u00e8re Gaucher chocolat noir et blanc 200 gr"},"content":{"rendered":"<p>Reverend Father Gaucher Chardon chocolates.<\/p>\n<p>Fabriqu\u00e9 dans la plus pure tradition du chardon Proven\u00e7al.<\/p>\n<p>Disponibilit\u00e9 limit\u00e9 (d&rsquo;Octobre \u00e0 Avril).<\/p>","protected":false},"excerpt":{"rendered":"<p>Chardons Proven\u00e7al du R\u00e9v\u00e9rend P\u00e8re Gaucher. Fabriqu\u00e9 dans la plus pure tradition du chardon Proven\u00e7al. Disponibilit\u00e9 limit\u00e9 (d&rsquo;Octobre \u00e0 Avril).<\/p>","protected":false},"featured_media":507,"template":"","meta":[],"product_brand":[],"product_cat":[20],"product_tag":[23,22,21],"class_list":{"0":"post-65","1":"product","2":"type-product","3":"status-publish","4":"has-post-thumbnail","6":"product_cat-produits-liqueur-frigolet","7":"product_tag-alcool","8":"product_tag-frigolet","9":"product_tag-liqueur","10":"latest_post","12":"first","13":"outofstock","14":"taxable","15":"shipping-taxable","16":"purchasable","17":"product-type-variable"},"jetpack_sharing_enabled":true,"_links":{"self":[{"href":"https:\/\/frigoletliqueur.com\/en\/wp-json\/wp\/v2\/product\/65","targetHints":{"allow":["GET"]}}],"collection":[{"href":"https:\/\/frigoletliqueur.com\/en\/wp-json\/wp\/v2\/product"}],"about":[{"href":"https:\/\/frigoletliqueur.com\/en\/wp-json\/wp\/v2\/types\/product"}],"wp:featuredmedia":[{"embeddable":true,"href":"https:\/\/frigoletliqueur.com\/en\/wp-json\/wp\/v2\/media\/507"}],"wp:attachment":[{"href":"https:\/\/frigoletliqueur.com\/en\/wp-json\/wp\/v2\/media?parent=65"}],"wp:term":[{"taxonomy":"product_brand","embeddable":true,"href":"https:\/\/frigoletliqueur.com\/en\/wp-json\/wp\/v2\/product_brand?post=65"},{"taxonomy":"product_cat","embeddable":true,"href":"https:\/\/frigoletliqueur.com\/en\/wp-json\/wp\/v2\/product_cat?post=65"},{"taxonomy":"product_tag","embeddable":true,"href":"https:\/\/frigoletliqueur.com\/en\/wp-json\/wp\/v2\/product_tag?post=65"}],"curies":[{"name":"wp","href":"https:\/\/api.w.org\/{rel}","templated":true}]}}