{"id":68,"date":"2022-01-07T00:29:08","date_gmt":"2022-01-06T23:29:08","guid":{"rendered":"https:\/\/frigoletliqueur.com\/?post_type=product&#038;p=68"},"modified":"2024-07-30T17:57:20","modified_gmt":"2024-07-30T15:57:20","slug":"potion-vitale","status":"publish","type":"product","link":"https:\/\/frigoletliqueur.com\/en\/product\/potion-vitale\/","title":{"rendered":"Potion Vitale du P\u00e8re Gaucher 70 % 100ml"},"content":{"rendered":"<p>Le rem\u00e8de secret des Proven\u00e7aux<\/p>\n<p>La Potion Vitale est le meilleur de chaque distillation, son degr\u00e9s (70 %) offre une belle intensit\u00e9 au niveau aromatique.<\/p>\n<p>C&rsquo;est un digestif et un tonique tr\u00e8s efficace,<\/p>\n<p>Cette potion peut s&rsquo;utiliser de diff\u00e9rentes mani\u00e8res, il saura vous etre utile dans votre cuisine, pour assaisonner des plats, au bar pour tonifier un cocktail, ou simplement pour vous accompagner en tonique.<\/p>\n<p>Conseils de d\u00e9gustation:<\/p>\n<p>-pur sur une cuill\u00e8re \u00e0 caf\u00e9<\/p>\n<p>-dans une tisane ou en grog avec du miel et du citron<\/p>\n<p>-dans une tasse d&rsquo;eau en cas de fatigue , de malaise ou d&rsquo;indisposition,<\/p>\n<p>-sur un sucre ou une meringue<\/p>\n<p>-en cocktail, pour apporter de la structure, se marie tr\u00e9s bien avec la fraise, framboise, citron , orange, cassis.<\/p>\n<p>&nbsp;<\/p>\n<p>&nbsp;<\/p>","protected":false},"excerpt":{"rendered":"<p>Potion Vitale du P\u00e8re Gaucher 70 %\u00a0 100 ml<\/p>","protected":false},"featured_media":867,"template":"","meta":[],"product_brand":[],"product_cat":[20],"product_tag":[23,22,21],"class_list":{"0":"post-68","1":"product","2":"type-product","3":"status-publish","4":"has-post-thumbnail","6":"product_cat-produits-liqueur-frigolet","7":"product_tag-alcool","8":"product_tag-frigolet","9":"product_tag-liqueur","10":"latest_post","12":"first","13":"instock","14":"taxable","15":"shipping-taxable","16":"purchasable","17":"product-type-simple"},"jetpack_sharing_enabled":true,"_links":{"self":[{"href":"https:\/\/frigoletliqueur.com\/en\/wp-json\/wp\/v2\/product\/68","targetHints":{"allow":["GET"]}}],"collection":[{"href":"https:\/\/frigoletliqueur.com\/en\/wp-json\/wp\/v2\/product"}],"about":[{"href":"https:\/\/frigoletliqueur.com\/en\/wp-json\/wp\/v2\/types\/product"}],"wp:featuredmedia":[{"embeddable":true,"href":"https:\/\/frigoletliqueur.com\/en\/wp-json\/wp\/v2\/media\/867"}],"wp:attachment":[{"href":"https:\/\/frigoletliqueur.com\/en\/wp-json\/wp\/v2\/media?parent=68"}],"wp:term":[{"taxonomy":"product_brand","embeddable":true,"href":"https:\/\/frigoletliqueur.com\/en\/wp-json\/wp\/v2\/product_brand?post=68"},{"taxonomy":"product_cat","embeddable":true,"href":"https:\/\/frigoletliqueur.com\/en\/wp-json\/wp\/v2\/product_cat?post=68"},{"taxonomy":"product_tag","embeddable":true,"href":"https:\/\/frigoletliqueur.com\/en\/wp-json\/wp\/v2\/product_tag?post=68"}],"curies":[{"name":"wp","href":"https:\/\/api.w.org\/{rel}","templated":true}]}}