{"id":918,"date":"2024-10-14T11:51:02","date_gmt":"2024-10-14T09:51:02","guid":{"rendered":"https:\/\/frigoletliqueur.com\/product\/chardon-provencal-chocolat-noir-66-a-la-liqueur-frigolet-lelixir-du-pere-gaucher-352-gr\/"},"modified":"2025-04-21T17:27:34","modified_gmt":"2025-04-21T15:27:34","slug":"chardon-provencal-chocolat-noir-66-a-la-liqueur-frigolet-lelixir-du-pere-gaucher-352-gr","status":"publish","type":"product","link":"https:\/\/frigoletliqueur.com\/en\/product\/chardon-provencal-chocolat-noir-66-a-la-liqueur-frigolet-lelixir-du-pere-gaucher-352-gr\/","title":{"rendered":"Chardon Proven\u00e7al chocolat noir 66 % \u00e0 la liqueur Frigolet l\u2019Elixir du P\u00e8re Gaucher 352 gr"},"content":{"rendered":"<p>Chardon Proven\u00e7al recette authentique chocolat noir 66% \u00e0 la liqueur Frigolet l&rsquo;Elixir du P\u00e8re Gaucher.<\/p>\n<p>Fabrication dans notre atelier du chocolat \u00e0 la distillerie Frigolet \u00e0 Chateaurenard.<\/p>\n<p>Selon la m\u00eame recette depuis 1970.<\/p>","protected":false},"excerpt":{"rendered":"<p>Chardon Proven\u00e7al recette authentique chocolat noir 66% \u00e0 la liqueur Frigolet l&rsquo;Elixir du P\u00e8re Gaucher. Fabrication dans notre atelier du chocolat \u00e0 la distillerie Frigolet \u00e0 Chateaurenard. Selon la m\u00eame recette depuis 1970.<\/p>","protected":false},"featured_media":917,"template":"","meta":[],"product_brand":[],"product_cat":[20],"product_tag":[],"class_list":{"0":"post-918","1":"product","2":"type-product","3":"status-publish","4":"has-post-thumbnail","6":"product_cat-produits-liqueur-frigolet","7":"latest_post","9":"first","10":"outofstock","11":"taxable","12":"shipping-taxable","13":"purchasable","14":"product-type-simple"},"jetpack_sharing_enabled":true,"_links":{"self":[{"href":"https:\/\/frigoletliqueur.com\/en\/wp-json\/wp\/v2\/product\/918","targetHints":{"allow":["GET"]}}],"collection":[{"href":"https:\/\/frigoletliqueur.com\/en\/wp-json\/wp\/v2\/product"}],"about":[{"href":"https:\/\/frigoletliqueur.com\/en\/wp-json\/wp\/v2\/types\/product"}],"wp:featuredmedia":[{"embeddable":true,"href":"https:\/\/frigoletliqueur.com\/en\/wp-json\/wp\/v2\/media\/917"}],"wp:attachment":[{"href":"https:\/\/frigoletliqueur.com\/en\/wp-json\/wp\/v2\/media?parent=918"}],"wp:term":[{"taxonomy":"product_brand","embeddable":true,"href":"https:\/\/frigoletliqueur.com\/en\/wp-json\/wp\/v2\/product_brand?post=918"},{"taxonomy":"product_cat","embeddable":true,"href":"https:\/\/frigoletliqueur.com\/en\/wp-json\/wp\/v2\/product_cat?post=918"},{"taxonomy":"product_tag","embeddable":true,"href":"https:\/\/frigoletliqueur.com\/en\/wp-json\/wp\/v2\/product_tag?post=918"}],"curies":[{"name":"wp","href":"https:\/\/api.w.org\/{rel}","templated":true}]}}