{"id":940,"date":"2024-11-21T13:37:15","date_gmt":"2024-11-21T12:37:15","guid":{"rendered":"https:\/\/frigoletliqueur.com\/product\/chocolat-rochers-pralines-boite-200-gr\/"},"modified":"2025-04-21T17:27:21","modified_gmt":"2025-04-21T15:27:21","slug":"chocolat-rochers-pralines-boite-200-gr","status":"publish","type":"product","link":"https:\/\/frigoletliqueur.com\/en\/product\/chocolat-rochers-pralines-boite-200-gr\/","title":{"rendered":"Rochers pralin\u00e9s enrobage chocolat noir bo\u00eete 200 gr"},"content":{"rendered":"<p>Chocolats pralin\u00e9s amandes noisettes chocolat noir 66 % fabriqu\u00e9s dans notre atelier du chocolat \u00e0 la Distillerie Frigolet \u00e0 Chateaurenard<\/p>","protected":false},"excerpt":{"rendered":"<p>Chocolats pralin\u00e9s amandes noisettes chocolat noir 66 % fabriqu\u00e9s dans notre atelier du chocolat \u00e0 la Distillerie Frigolet \u00e0 Chateaurenard<\/p>","protected":false},"featured_media":942,"template":"","meta":[],"product_brand":[],"product_cat":[16],"product_tag":[],"class_list":{"0":"post-940","1":"product","2":"type-product","3":"status-publish","4":"has-post-thumbnail","6":"product_cat-sni-frigolet","7":"latest_post","9":"first","10":"outofstock","11":"downloadable","12":"taxable","13":"shipping-taxable","14":"purchasable","15":"product-type-simple"},"jetpack_sharing_enabled":true,"_links":{"self":[{"href":"https:\/\/frigoletliqueur.com\/en\/wp-json\/wp\/v2\/product\/940","targetHints":{"allow":["GET"]}}],"collection":[{"href":"https:\/\/frigoletliqueur.com\/en\/wp-json\/wp\/v2\/product"}],"about":[{"href":"https:\/\/frigoletliqueur.com\/en\/wp-json\/wp\/v2\/types\/product"}],"wp:featuredmedia":[{"embeddable":true,"href":"https:\/\/frigoletliqueur.com\/en\/wp-json\/wp\/v2\/media\/942"}],"wp:attachment":[{"href":"https:\/\/frigoletliqueur.com\/en\/wp-json\/wp\/v2\/media?parent=940"}],"wp:term":[{"taxonomy":"product_brand","embeddable":true,"href":"https:\/\/frigoletliqueur.com\/en\/wp-json\/wp\/v2\/product_brand?post=940"},{"taxonomy":"product_cat","embeddable":true,"href":"https:\/\/frigoletliqueur.com\/en\/wp-json\/wp\/v2\/product_cat?post=940"},{"taxonomy":"product_tag","embeddable":true,"href":"https:\/\/frigoletliqueur.com\/en\/wp-json\/wp\/v2\/product_tag?post=940"}],"curies":[{"name":"wp","href":"https:\/\/api.w.org\/{rel}","templated":true}]}}